{"id":2,"date":"2016-05-10T03:48:21","date_gmt":"2016-05-10T03:48:21","guid":{"rendered":"http:\/\/qigong-mit-julia.de\/?page_id=2"},"modified":"2026-04-12T15:25:02","modified_gmt":"2026-04-12T15:25:02","slug":"sample-page","status":"publish","type":"page","link":"https:\/\/qigong-mit-julia.de\/","title":{"rendered":""},"content":{"rendered":"\n<h2 class=\"wp-block-heading has-text-align-left has-text-color\" id=\"Block1\" style=\"color:#cc3f69\">Taiji Qi Gong und Medizinisches Qi Gong<\/h2>\n\n\n\n<p class=\"has-text-align-left\">Qi Gong \u00dcbungen sind Jahrtausende alte \u00dcbungen f\u00fcr jedermann und jede Frau f\u00fcr mehr innere Ruhe, Gelassenheit und Lebensfreude.<\/p>\n\n\n\n<h2 class=\"wp-block-heading has-text-align-left has-text-color\" id=\"Block2\" style=\"color:#cc3f69\">Aktuelle Kurse ab April<\/h2>\n\n\n\n<div class=\"wp-block-columns is-layout-flex wp-container-core-columns-is-layout-9d6595d7 wp-block-columns-is-layout-flex\">\n<div class=\"wp-block-column is-layout-flow wp-block-column-is-layout-flow\">\n<h2 class=\"wp-block-heading has-text-color has-link-color wp-elements-da23a138bc2b3193480b33334dc2cf28\" style=\"color:#cc3f69\">Selbstmassage\u00fcbung: Kopfmassage ab Di, 21.04.26<\/h2>\n\n\n\n<p>Die Kopfmassage in 5 Figuren ist eine \u00dcbung im Sitzen. Sie wirkt beruhigend und entspannend. Daher ideal zum Abschalten nach der Arbeit und erfrischt Sein f\u00fcr den Feierabend.<\/p>\n\n\n\n<p>Dienstags 16:45 &#8211; 17:45 Uhr<\/p>\n\n\n\n<p>Termine: 21.04. 28.04. 05.05. 12.05. (19.05. als Ersatztermin)<\/p>\n\n\n\n<p>Kursgeb\u00fchr 60 \u20ac<\/p>\n\n\n\n<p>Kursraum  Yoga und mehr &#8211; Mittlerer Graben 35 &#8211; Freising<\/p>\n<\/div>\n<\/div>\n\n\n\n<h2 class=\"wp-block-heading has-text-color has-link-color wp-elements-8970a2e85ecd50cb94984cec25e45cec\" style=\"color:#cc3f69\">Die 8 Alltags\u00fcbungen ab Do, 23.04.26<\/h2>\n\n\n\n<p>Die Alltags\u00fcbungen sind ber\u00fchmte Grund\u00fcbungen des Qi Gong. Sie sind etwas dynamischer und werden im Stehen ge\u00fcbt, wirken lockernd und gleichzeitig kr\u00e4fitgend. F\u00fcr ein Gef\u00fchl von gelockert Sein und mehr Klarheit f\u00fcr einen guten Start in den Tag.<\/p>\n\n\n\n<p>Donnerstags 9:00 &#8211; 10:00 Uhr<\/p>\n\n\n\n<p>Termine: 23.04. 30.04. 07.05. 21.05. (28.05. als Ersatztermin)<\/p>\n\n\n\n<p>Kursgeb\u00fchr 60 \u20ac<\/p>\n\n\n\n<p>Kursraum Yoga und mehr &#8211; Mittlerer Graben 35 &#8211; Freising<br><br><br><\/p>\n\n\n\n<p>Anmeldung und n\u00e4here Information:<\/p>\n\n\n\n<p class=\"has-text-color\" style=\"color:#cc3f69;font-size:22px\">Julia Unglaube<\/p>\n\n\n\n<div class=\"wp-block-group\"><div class=\"wp-block-group__inner-container is-layout-flow wp-block-group-is-layout-flow\">\n<p>Dipl. Qi Gong Lehrerin<br>Handy: 0151 &#8211; 20 75 05 81<br>Mail: kontakt [at] qigong-mit-julia.de<\/p>\n<\/div><\/div>\n\n\n\n<figure class=\"wp-block-image size-full is-resized\"><img loading=\"lazy\" decoding=\"async\" width=\"348\" height=\"368\" src=\"https:\/\/qigong-mit-julia.de\/wp-content\/uploads\/2026\/02\/julia_kl_2.jpg\" alt=\"\" class=\"wp-image-110\" style=\"width:234px;height:auto\" srcset=\"https:\/\/qigong-mit-julia.de\/wp-content\/uploads\/2026\/02\/julia_kl_2.jpg 348w, https:\/\/qigong-mit-julia.de\/wp-content\/uploads\/2026\/02\/julia_kl_2-284x300.jpg 284w\" sizes=\"auto, (max-width: 348px) 100vw, 348px\" \/><\/figure>\n\n\n\n<p><\/p>\n\n\n\n<p><\/p>\n\n\n\n<p><\/p>\n\n\n\n<p><\/p>\n","protected":false},"excerpt":{"rendered":"<p>Taiji Qi Gong und Medizinisches Qi Gong Qi Gong \u00dcbungen sind Jahrtausende alte \u00dcbungen f\u00fcr jedermann und jede Frau f\u00fcr mehr innere Ruhe, Gelassenheit und Lebensfreude. Aktuelle Kurse ab April Selbstmassage\u00fcbung: Kopfmassage ab Di, 21.04.26 Die Kopfmassage in 5 Figuren ist eine \u00dcbung im Sitzen. Sie wirkt beruhigend und entspannend. Daher ideal zum Abschalten nach &hellip; <\/p>\n<p class=\"link-more\"><a href=\"https:\/\/qigong-mit-julia.de\/\" class=\"more-link\"><span class=\"screen-reader-text\">\u201e\u201c <\/span>weiterlesen<\/a><\/p>\n","protected":false},"author":1,"featured_media":0,"parent":0,"menu_order":0,"comment_status":"closed","ping_status":"open","template":"","meta":{"footnotes":""},"class_list":["post-2","page","type-page","status-publish","hentry"],"_links":{"self":[{"href":"https:\/\/qigong-mit-julia.de\/index.php?rest_route=\/wp\/v2\/pages\/2","targetHints":{"allow":["GET"]}}],"collection":[{"href":"https:\/\/qigong-mit-julia.de\/index.php?rest_route=\/wp\/v2\/pages"}],"about":[{"href":"https:\/\/qigong-mit-julia.de\/index.php?rest_route=\/wp\/v2\/types\/page"}],"author":[{"embeddable":true,"href":"https:\/\/qigong-mit-julia.de\/index.php?rest_route=\/wp\/v2\/users\/1"}],"replies":[{"embeddable":true,"href":"https:\/\/qigong-mit-julia.de\/index.php?rest_route=%2Fwp%2Fv2%2Fcomments&post=2"}],"version-history":[{"count":40,"href":"https:\/\/qigong-mit-julia.de\/index.php?rest_route=\/wp\/v2\/pages\/2\/revisions"}],"predecessor-version":[{"id":143,"href":"https:\/\/qigong-mit-julia.de\/index.php?rest_route=\/wp\/v2\/pages\/2\/revisions\/143"}],"wp:attachment":[{"href":"https:\/\/qigong-mit-julia.de\/index.php?rest_route=%2Fwp%2Fv2%2Fmedia&parent=2"}],"curies":[{"name":"wp","href":"https:\/\/api.w.org\/{rel}","templated":true}]}}